{"id":2036,"date":"2014-03-14T18:07:27","date_gmt":"2014-03-14T17:07:27","guid":{"rendered":"http:\/\/some__________url.com\/goodstore\/goodstore01\/?page_id=2036"},"modified":"2022-12-13T12:16:58","modified_gmt":"2022-12-13T11:16:58","slug":"quienes-somos","status":"publish","type":"page","link":"https:\/\/www.stockpadel.com\/blog\/quienes-somos\/","title":{"rendered":"Qui\u00e9nes Somos"},"content":{"rendered":"\n<p><a href=\"https:\/\/www.stockpadel.com\/\" target=\"_blank\" rel=\"noopener\">Stock Padel<\/a>&nbsp;es una tienda de p\u00e1del online y f\u00edsica en C\u00f3rdoba capital. Nace con un objetivo, dar el mejor servicio de asesoramiento sobre material para la pr\u00e1ctica de p\u00e1del. Trabajamos para ofrecer palas de p\u00e1del, paleteros, mochilas, zapatillas de p\u00e1del y bolas de la mayor calidad que existen, las \u00faltimas novedades y producto exclusivo al mejor precio.<\/p>\n\n\n\n<p>Esta formado por un equipo de personas que re\u00fanen caracter\u00edsticas importantes: Juventud, Formaci\u00f3n, Experiencia, Conocimiento del sector y Seriedad, con m\u00e1s de 25 a\u00f1os trabajando por y para este deporte.<\/p>\n\n\n\n<p>Stock Padel es una empresa con varios canales de negocio:<\/p>\n\n\n\n<ul class=\"wp-block-list\"><li>Venta de material de padel de diferentes marcas<\/li><li>Distribuci\u00f3n para Europa de la marca: DABBER<\/li><li>Distribuci\u00f3n para Espa\u00f1a de la marca: HOPPO<\/li><li>Prestaci\u00f3n de Servicios y Eventos deportivos<\/li><\/ul>\n\n\n\n<p>Nuestra meta: <strong>Conseguir ganarnos la confianza del cliente con un asesoramiento especializado.<\/strong><\/p>\n\n\n\n<div class=\"wp-block-columns is-layout-flex wp-container-core-columns-is-layout-1 wp-block-columns-is-layout-flex\">\n<div class=\"wp-block-column is-layout-flow wp-block-column-is-layout-flow\">\n<h3 class=\"wp-block-heading\"><span class=\"ez-toc-section\" id=\"Enrique_Vicente_Gonzalez\"><\/span>Enrique Vicente Gonz\u00e1lez<span class=\"ez-toc-section-end\"><\/span><\/h3>\n\n\n\n<p style=\"font-size:15px\">Nac\u00ed en noviembre de 1992, y con 4 o 5 a\u00f1os agarr\u00e9 mi primera raqueta de tenis en el Real Aeroclub de C\u00f3rdoba, la cual cambi\u00e9 a los 9 por una pala de padel y una pista de muro de las que hoy escasean.<\/p>\n\n\n<div class=\"wp-block-image\">\n<figure class=\"alignleft size-full is-resized\"><a href=\"https:\/\/www.stockpadel.com\/blog\/wp-content\/uploads\/2022\/12\/enrique.jpg\"><img loading=\"lazy\" decoding=\"async\" src=\"https:\/\/www.stockpadel.com\/blog\/wp-content\/uploads\/2022\/12\/enrique.jpg\" alt=\"enrique\" class=\"wp-image-14347\" width=\"350\" height=\"350\" srcset=\"https:\/\/www.stockpadel.com\/blog\/wp-content\/uploads\/2022\/12\/enrique.jpg 311w, https:\/\/www.stockpadel.com\/blog\/wp-content\/uploads\/2022\/12\/enrique-300x300.jpg 300w, https:\/\/www.stockpadel.com\/blog\/wp-content\/uploads\/2022\/12\/enrique-150x150.jpg 150w\" sizes=\"(max-width: 350px) 100vw, 350px\" \/><\/a><\/figure><\/div>\n\n\n<p style=\"font-size:15px\">Desde entonces, he estado vinculado de una u otra forma a este deporte, hasta que en 2018 decidimos abrir Stock Padel. Actualmente, gestiono la tienda f\u00edsica y online, donde, dada la desinformaci\u00f3n que existe en este mercado, recibimos diariamente dudas que no terminan por responderse de manera correcta en internet.<\/p>\n\n\n\n<p style=\"font-size:15px\">Dicho esto, solo espero poder transmitirte los conocimientos que he adquirido tras 20 a\u00f1os dentro de la pista, comparando productos que recibimos en la tienda y conociendo en profundidad la materia prima y su origen.<\/p>\n\n\n\n<p><strong>Si un producto no te conviene jam\u00e1s lo recomendar\u00e9.<\/strong><\/p>\n\n\n\n<p style=\"margin-bottom: 0.5em\"><a class=\"rrss-icons\" href=\"https:\/\/www.instagram.com\/stockpadel\/\" target=\"_blank\" rel=\"noopener\"><img decoding=\"async\" loading=\"lazy\" src=\"\/blog\/wp-content\/uploads\/2022\/12\/ing.png\" alt=\"Instagram\" title=\"Instagram\" width=\"30\"><\/a>  <a class=\"rrss-icons\" href=\"https:\/\/www.facebook.com\/Stock-Padel-1594540293913143\/\" target=\"_blank\" rel=\"noopener\"><img decoding=\"async\" loading=\"lazy\" src=\"\/blog\/wp-content\/uploads\/2022\/12\/fb.png\" alt=\"Facebook\" title=\"Facebook\" width=\"30\"><\/a>  <a class=\"rrss-icons\" href=\"https:\/\/twitter.com\/stockpadel\" target=\"_blank\" rel=\"noopener\"><img decoding=\"async\" loading=\"lazy\" src=\"\/blog\/wp-content\/uploads\/2022\/12\/tw.png\" alt=\"Twitter\" title=\"Twitter\" width=\"30\"><\/a><\/p>\n<\/div>\n<\/div>\n\n\n\n<h2 class=\"wp-block-heading\"><span class=\"ez-toc-section\" id=\"Opiniones\"><\/span>Opiniones<span class=\"ez-toc-section-end\"><\/span><\/h2>\n\n\n<div class=\"glsr glsr-default\" id=\"glsr_83df0791\" data-from='block' data-shortcode='site_reviews' data-assigned_posts='2036'><div class=\"glsr-reviews-wrap\">\n    <div class=\"glsr-reviews\">\n        <div class=\"glsr-review\" data-type=\"local\" id=\"review-14368\" data-assigned='{\"assigned_posts\":[2036]}'>\n    <div class=\"glsr-review-title\"><h4 class=\"glsr-tag-value\"><span class=\"ez-toc-section\" id=\"Excelente\"><\/span>Excelente<span class=\"ez-toc-section-end\"><\/span><\/h4><\/div>\n    <div class=\"glsr-review-rating\"><div class=\"glsr-star-rating glsr-stars\" data-rating=\"5\" data-reviews=\"0\">\n    <span class=\"screen-reader-text\">Rated <strong>5<\/strong> out of 5<\/span>\n    <span class=\"glsr-star glsr-star-full\" aria-hidden=\"true\"><\/span><span class=\"glsr-star glsr-star-full\" aria-hidden=\"true\"><\/span><span class=\"glsr-star glsr-star-full\" aria-hidden=\"true\"><\/span><span class=\"glsr-star glsr-star-full\" aria-hidden=\"true\"><\/span><span class=\"glsr-star glsr-star-full\" aria-hidden=\"true\"><\/span>\n<\/div><\/div> <div class=\"glsr-review-date\"><span class=\"glsr-tag-value\">13 junio, 2018<\/span><\/div>\n    \n    <div class=\"glsr-review-content\"><div class=\"glsr-tag-value\" data-expanded='false'><p>Conf\u00edo plenamente en Stock Padel. Calidad y servicio garantizados.<\/p><\/div><\/div>\n     <div class=\"glsr-review-author\"><span class=\"glsr-tag-value\">Anna<\/span><\/div> \n    \n<\/div>\n    <\/div>\n    \n<\/div><\/div>","protected":false},"excerpt":{"rendered":"<p>Stock Padel&nbsp;es una tienda de p\u00e1del online y f\u00edsica en C\u00f3rdoba capital. Nace con un objetivo, dar el mejor servicio de asesoramiento sobre material para la pr\u00e1ctica de p\u00e1del. Trabajamos para ofrecer palas de p\u00e1del, paleteros, mochilas, zapatillas de p\u00e1del y bolas de la mayor calidad que existen, las \u00faltimas novedades y producto exclusivo al &#8230; <a title=\"Qui\u00e9nes Somos\" class=\"read-more\" href=\"https:\/\/www.stockpadel.com\/blog\/quienes-somos\/\" aria-label=\"Leer m\u00e1s sobre Qui\u00e9nes Somos\">Leer m\u00e1s<\/a><\/p>\n","protected":false},"author":1,"featured_media":0,"parent":0,"menu_order":0,"comment_status":"closed","ping_status":"closed","template":"","meta":{"_glsr_average":5,"_glsr_ranking":3.6363636363636,"_glsr_reviews":1,"footnotes":""},"class_list":["post-2036","page","type-page","status-publish"],"_links":{"self":[{"href":"https:\/\/www.stockpadel.com\/blog\/wp-json\/wp\/v2\/pages\/2036"}],"collection":[{"href":"https:\/\/www.stockpadel.com\/blog\/wp-json\/wp\/v2\/pages"}],"about":[{"href":"https:\/\/www.stockpadel.com\/blog\/wp-json\/wp\/v2\/types\/page"}],"author":[{"embeddable":true,"href":"https:\/\/www.stockpadel.com\/blog\/wp-json\/wp\/v2\/users\/1"}],"replies":[{"embeddable":true,"href":"https:\/\/www.stockpadel.com\/blog\/wp-json\/wp\/v2\/comments?post=2036"}],"version-history":[{"count":0,"href":"https:\/\/www.stockpadel.com\/blog\/wp-json\/wp\/v2\/pages\/2036\/revisions"}],"wp:attachment":[{"href":"https:\/\/www.stockpadel.com\/blog\/wp-json\/wp\/v2\/media?parent=2036"}],"curies":[{"name":"wp","href":"https:\/\/api.w.org\/{rel}","templated":true}]}}