{"id":27865,"date":"2014-03-14T18:07:27","date_gmt":"2014-03-14T17:07:27","guid":{"rendered":"https:\/\/www.stockpadel.com\/blog\/quienes-somos\/"},"modified":"2023-05-10T10:45:07","modified_gmt":"2023-05-10T08:45:07","slug":"om-oss","status":"publish","type":"page","link":"https:\/\/www.stockpadel.com\/blog\/sv\/om-oss\/","title":{"rendered":"Om oss"},"content":{"rendered":"\n<p><a href=\"https:\/\/www.stockpadel.com\/en\" target=\"_blank\" rel=\"noreferrer noopener\">Stock Padel<\/a>\u00a0\u00e4r en online- och fysisk padelbutik i Cordoba. Den f\u00f6ddes med ett m\u00e5l, att ge den b\u00e4sta servicen av r\u00e5d om material f\u00f6r ut\u00f6vandet av paddel. Vi arbetar f\u00f6r att erbjuda paddelblad, paddelv\u00e4skor, ryggs\u00e4ckar, paddelskor och bollar av h\u00f6gsta kvalitet som finns, den senaste utvecklingen och exklusiv produkt till b\u00e4sta pris.<\/p>\n\n\n\n<p>Den best\u00e5r av ett team av m\u00e4nniskor som sammanf\u00f6r viktiga egenskaper: Ungdom, Utbildning, Erfarenhet, Kunskap om branschen och Seriositet, med mer \u00e4n 25 \u00e5rs arbete f\u00f6r denna sport.<\/p>\n\n\n\n<p>Stock Padel \u00e4r ett f\u00f6retag med flera aff\u00e4rskanaler:<\/p>\n\n\n\n<ul class=\"wp-block-list\">\n<li>F\u00f6rs\u00e4ljning av padelmaterial av olika m\u00e4rken.<\/li>\n\n\n\n<li>Distribution f\u00f6r Europa av m\u00e4rket: DABBER.<\/li>\n\n\n\n<li>Distribution f\u00f6r Spanien av varum\u00e4rket HOPPO.<\/li>\n\n\n\n<li>Tillhandah\u00e5llande av tj\u00e4nster och idrottsevenemang<\/li>\n<\/ul>\n\n\n\n<p>V\u00e5rt m\u00e5l: <strong>Att vinna kundens f\u00f6rtroende med specialiserad r\u00e5dgivning<\/strong>.<\/p>\n\n\n\n<div class=\"wp-block-columns is-layout-flex wp-container-core-columns-is-layout-1 wp-block-columns-is-layout-flex\">\n<div class=\"wp-block-column is-layout-flow wp-block-column-is-layout-flow\">\n<h3 class=\"wp-block-heading\"><span class=\"ez-toc-section\" id=\"Enrique_Vicente_Gonzalez\"><\/span>Enrique Vicente Gonz\u00e1lez<span class=\"ez-toc-section-end\"><\/span><\/h3>\n\n\n\n<p style=\"font-size:15px\">Jag \u00e4r f\u00f6dd i november 1992 och n\u00e4r jag var 4-5 \u00e5r gammal fick jag min f\u00f6rsta tennisracket p\u00e5 Real Aeroclub de C\u00f3rdoba, som jag vid 9 \u00e5rs \u00e5lder bytte ut mot en padelracket och en v\u00e4ggbana av det slag som \u00e4r s\u00e4llsynt idag.<\/p>\n\n\n<div class=\"wp-block-image\">\n<figure class=\"alignleft size-full is-resized\"><a href=\"https:\/\/www.stockpadel.com\/blog\/wp-content\/uploads\/2022\/12\/enrique.jpg\"><img loading=\"lazy\" decoding=\"async\" src=\"https:\/\/www.stockpadel.com\/blog\/wp-content\/uploads\/2022\/12\/enrique.jpg\" alt=\"enrique\" class=\"wp-image-14347\" width=\"350\" height=\"350\" srcset=\"https:\/\/www.stockpadel.com\/blog\/wp-content\/uploads\/2022\/12\/enrique.jpg 311w, https:\/\/www.stockpadel.com\/blog\/wp-content\/uploads\/2022\/12\/enrique-300x300.jpg 300w, https:\/\/www.stockpadel.com\/blog\/wp-content\/uploads\/2022\/12\/enrique-150x150.jpg 150w\" sizes=\"(max-width: 350px) 100vw, 350px\" \/><\/a><\/figure><\/div>\n\n\n<p style=\"font-size:15px\">Sedan dess har jag p\u00e5 ett eller annat s\u00e4tt varit kopplad till denna sport, tills vi 2018 best\u00e4mde oss f\u00f6r att \u00f6ppna Stock Padel. F\u00f6r n\u00e4rvarande sk\u00f6ter jag den fysiska butiken och onlinebutiken, d\u00e4r vi med tanke p\u00e5 den felaktiga information som finns p\u00e5 denna marknad dagligen f\u00e5r tvivel som inte slutar med att besvaras korrekt p\u00e5 internet.<\/p>\n\n\n\n<p style=\"font-size:15px\">Med detta sagt hoppas jag bara att jag ska kunna f\u00f6rmedla den kunskap som jag har f\u00f6rv\u00e4rvat efter 20 \u00e5r p\u00e5 omr\u00e5det, j\u00e4mf\u00f6ra produkter som vi f\u00e5r i butiken och p\u00e5 djupet k\u00e4nna till r\u00e5varan och dess ursprung.<\/p>\n\n\n\n<p><strong>Om en produkt inte passar dig kommer jag aldrig att rekommendera den.<\/strong><\/p>\n\n\n\n<p style=\"margin-bottom: 0.5em\"><a class=\"rrss-icons\" href=\"https:\/\/www.instagram.com\/stockpadel\/\" target=\"_blank\" rel=\"noopener\"><img decoding=\"async\" loading=\"lazy\" src=\"\/blog\/wp-content\/uploads\/2022\/12\/ing.png\" alt=\"Instagram\" title=\"Instagram\" width=\"30\"><\/a>  <a class=\"rrss-icons\" href=\"https:\/\/www.facebook.com\/Stock-Padel-1594540293913143\/\" target=\"_blank\" rel=\"noopener\"><img decoding=\"async\" loading=\"lazy\" src=\"\/blog\/wp-content\/uploads\/2022\/12\/fb.png\" alt=\"Facebook\" title=\"Facebook\" width=\"30\"><\/a>  <a class=\"rrss-icons\" href=\"https:\/\/twitter.com\/stockpadel\" target=\"_blank\" rel=\"noopener\"><img decoding=\"async\" loading=\"lazy\" src=\"\/blog\/wp-content\/uploads\/2022\/12\/tw.png\" alt=\"Twitter\" title=\"Twitter\" width=\"30\"><\/a><\/p>\n<\/div>\n<\/div>\n\n\n\n<h2 class=\"wp-block-heading\"><span class=\"ez-toc-section\" id=\"Yttranden\"><\/span>Yttranden<span class=\"ez-toc-section-end\"><\/span><\/h2>\n\n\n<div class=\"glsr glsr-default\" id=\"glsr_83df0791\" data-from='block' data-shortcode='site_reviews' data-assigned_posts='27865'><div class=\"glsr-reviews-wrap\">\n    <div class=\"glsr-reviews\">\n        <p class=\"glsr-no-margins\">There are no reviews yet. Be the first one to write one.<\/p>\n    <\/div>\n    \n<\/div><\/div>","protected":false},"excerpt":{"rendered":"<p>Stock Padel\u00a0\u00e4r en online- och fysisk padelbutik i Cordoba. Den f\u00f6ddes med ett m\u00e5l, att ge den b\u00e4sta servicen av r\u00e5d om material f\u00f6r ut\u00f6vandet av paddel. Vi arbetar f\u00f6r att erbjuda paddelblad, paddelv\u00e4skor, ryggs\u00e4ckar, paddelskor och bollar av h\u00f6gsta kvalitet som finns, den senaste utvecklingen och exklusiv produkt till b\u00e4sta pris. Den best\u00e5r av &#8230; <a title=\"Om oss\" class=\"read-more\" href=\"https:\/\/www.stockpadel.com\/blog\/sv\/om-oss\/\" aria-label=\"L\u00e4s mer om Om oss\">L\u00e4s mer<\/a><\/p>\n","protected":false},"author":1,"featured_media":0,"parent":0,"menu_order":0,"comment_status":"closed","ping_status":"closed","template":"","meta":{"_glsr_average":0,"_glsr_ranking":0,"_glsr_reviews":0,"footnotes":""},"class_list":["post-27865","page","type-page","status-publish"],"_links":{"self":[{"href":"https:\/\/www.stockpadel.com\/blog\/sv\/wp-json\/wp\/v2\/pages\/27865"}],"collection":[{"href":"https:\/\/www.stockpadel.com\/blog\/sv\/wp-json\/wp\/v2\/pages"}],"about":[{"href":"https:\/\/www.stockpadel.com\/blog\/sv\/wp-json\/wp\/v2\/types\/page"}],"author":[{"embeddable":true,"href":"https:\/\/www.stockpadel.com\/blog\/sv\/wp-json\/wp\/v2\/users\/1"}],"replies":[{"embeddable":true,"href":"https:\/\/www.stockpadel.com\/blog\/sv\/wp-json\/wp\/v2\/comments?post=27865"}],"version-history":[{"count":0,"href":"https:\/\/www.stockpadel.com\/blog\/sv\/wp-json\/wp\/v2\/pages\/27865\/revisions"}],"wp:attachment":[{"href":"https:\/\/www.stockpadel.com\/blog\/sv\/wp-json\/wp\/v2\/media?parent=27865"}],"curies":[{"name":"wp","href":"https:\/\/api.w.org\/{rel}","templated":true}]}}