{"id":27864,"date":"2014-03-14T18:07:27","date_gmt":"2014-03-14T17:07:27","guid":{"rendered":"https:\/\/www.stockpadel.com\/blog\/quienes-somos\/"},"modified":"2023-05-10T10:33:04","modified_gmt":"2023-05-10T08:33:04","slug":"sobre-nos","status":"publish","type":"page","link":"https:\/\/www.stockpadel.com\/blog\/pt-pt\/sobre-nos\/","title":{"rendered":"Sobre n\u00f3s"},"content":{"rendered":"\n<p><a href=\"https:\/\/www.stockpadel.com\/pt\" target=\"_blank\" rel=\"noreferrer noopener\">Stock Padel<\/a>\u00a0\u00e9 uma loja online e f\u00edsica de padel na cidade de C\u00f3rdoba. Nasceu com um objectivo, dar o melhor servi\u00e7o de aconselhamento sobre material para a pr\u00e1tica do padel. Trabalhamos para oferecer l\u00e2minas de padel, sacos de padel, mochilas, sapatos de padel e bolas da mais alta qualidade que existem, os \u00faltimos desenvolvimentos e produtos exclusivos ao melhor pre\u00e7o.<\/p>\n\n\n\n<p>\u00c9 constitu\u00edda por uma equipa de pessoas que re\u00fanem caracter\u00edsticas importantes: Juventude, Forma\u00e7\u00e3o, Experi\u00eancia, Conhecimento do sector e Seriedade, com mais de 25 anos a trabalhar para este desporto.<\/p>\n\n\n\n<p>Stock Padel \u00e9 uma empresa com v\u00e1rios canais de neg\u00f3cio:<\/p>\n\n\n\n<ul class=\"wp-block-list\">\n<li>Venda de material de padel de diferentes marcas<\/li>\n\n\n\n<li>Distribui\u00e7\u00e3o para a Europa da marca: DABBER<\/li>\n\n\n\n<li>Distribui\u00e7\u00e3o para Espanha da marca: HOPPO<\/li>\n\n\n\n<li>Presta\u00e7\u00e3o de servi\u00e7os e eventos desportivos<\/li>\n<\/ul>\n\n\n\n<p>O nosso objectivo: <strong>Ganhar a confian\u00e7a do cliente com um aconselhamento especializado.<\/strong><\/p>\n\n\n\n<div class=\"wp-block-columns is-layout-flex wp-container-core-columns-is-layout-1 wp-block-columns-is-layout-flex\">\n<div class=\"wp-block-column is-layout-flow wp-block-column-is-layout-flow\">\n<h3 class=\"wp-block-heading\"><span class=\"ez-toc-section\" id=\"Enrique_Vicente_Gonzalez\"><\/span>Enrique Vicente Gonz\u00e1lez<span class=\"ez-toc-section-end\"><\/span><\/h3>\n\n\n\n<p style=\"font-size:15px\">Nasci em Novembro de 1992 e, com 4 ou 5 anos, peguei na minha primeira raquete de t\u00e9nis no Real Aeroclube de C\u00f3rdoba, que troquei aos 9 anos por uma raquete de padel e um campo de parede, como os que hoje em dia s\u00e3o escassos.<\/p>\n\n\n<div class=\"wp-block-image\">\n<figure class=\"alignleft size-full is-resized\"><a href=\"https:\/\/www.stockpadel.com\/blog\/wp-content\/uploads\/2022\/12\/enrique.jpg\"><img loading=\"lazy\" decoding=\"async\" src=\"https:\/\/www.stockpadel.com\/blog\/wp-content\/uploads\/2022\/12\/enrique.jpg\" alt=\"enrique\" class=\"wp-image-14347\" width=\"350\" height=\"350\" srcset=\"https:\/\/www.stockpadel.com\/blog\/wp-content\/uploads\/2022\/12\/enrique.jpg 311w, https:\/\/www.stockpadel.com\/blog\/wp-content\/uploads\/2022\/12\/enrique-300x300.jpg 300w, https:\/\/www.stockpadel.com\/blog\/wp-content\/uploads\/2022\/12\/enrique-150x150.jpg 150w\" sizes=\"(max-width: 350px) 100vw, 350px\" \/><\/a><\/figure><\/div>\n\n\n<p style=\"font-size:15px\">Desde ent\u00e3o, tenho estado ligado de uma forma ou de outra a este desporto, at\u00e9 que em 2018 decidimos abrir a Stock Padel. Actualmente, fa\u00e7o a gest\u00e3o da loja f\u00edsica e online, onde, dada a desinforma\u00e7\u00e3o que existe neste mercado, recebemos diariamente d\u00favidas que acabam por n\u00e3o ser respondidas correctamente na internet.<\/p>\n\n\n\n<p style=\"font-size:15px\">Posto isto, espero apenas poder transmitir-vos o conhecimento que adquiri ao longo de 20 anos no ramo, comparando produtos que recebemos na loja e conhecendo a fundo a mat\u00e9ria-prima e a sua origem.<\/p>\n\n\n\n<p><strong>Se um produto n\u00e3o for do vosso agrado, nunca o recomendarei.<\/strong><\/p>\n\n\n\n<p style=\"margin-bottom: 0.5em\"><a class=\"rrss-icons\" href=\"https:\/\/www.instagram.com\/stockpadel\/\" target=\"_blank\" rel=\"noopener\"><img decoding=\"async\" loading=\"lazy\" src=\"\/blog\/wp-content\/uploads\/2022\/12\/ing.png\" alt=\"Instagram\" title=\"Instagram\" width=\"30\"><\/a>  <a class=\"rrss-icons\" href=\"https:\/\/www.facebook.com\/Stock-Padel-1594540293913143\/\" target=\"_blank\" rel=\"noopener\"><img decoding=\"async\" loading=\"lazy\" src=\"\/blog\/wp-content\/uploads\/2022\/12\/fb.png\" alt=\"Facebook\" title=\"Facebook\" width=\"30\"><\/a>  <a class=\"rrss-icons\" href=\"https:\/\/twitter.com\/stockpadel\" target=\"_blank\" rel=\"noopener\"><img decoding=\"async\" loading=\"lazy\" src=\"\/blog\/wp-content\/uploads\/2022\/12\/tw.png\" alt=\"Twitter\" title=\"Twitter\" width=\"30\"><\/a><\/p>\n<\/div>\n<\/div>\n\n\n\n<h2 class=\"wp-block-heading\"><span class=\"ez-toc-section\" id=\"Opinioes\"><\/span>Opini\u00f5es<span class=\"ez-toc-section-end\"><\/span><\/h2>\n\n\n<div class=\"glsr glsr-default\" id=\"glsr_83df0791\" data-from='block' data-shortcode='site_reviews' data-assigned_posts='27864'><div class=\"glsr-reviews-wrap\">\n    <div class=\"glsr-reviews\">\n        <p class=\"glsr-no-margins\">There are no reviews yet. Be the first one to write one.<\/p>\n    <\/div>\n    \n<\/div><\/div>","protected":false},"excerpt":{"rendered":"<p>Stock Padel\u00a0\u00e9 uma loja online e f\u00edsica de padel na cidade de C\u00f3rdoba. Nasceu com um objectivo, dar o melhor servi\u00e7o de aconselhamento sobre material para a pr\u00e1tica do padel. Trabalhamos para oferecer l\u00e2minas de padel, sacos de padel, mochilas, sapatos de padel e bolas da mais alta qualidade que existem, os \u00faltimos desenvolvimentos e &#8230; <a title=\"Sobre n\u00f3s\" class=\"read-more\" href=\"https:\/\/www.stockpadel.com\/blog\/pt-pt\/sobre-nos\/\" aria-label=\"Leia mais sobre Sobre n\u00f3s\">Ler mais<\/a><\/p>\n","protected":false},"author":1,"featured_media":0,"parent":0,"menu_order":0,"comment_status":"closed","ping_status":"closed","template":"","meta":{"_glsr_average":0,"_glsr_ranking":0,"_glsr_reviews":0,"footnotes":""},"class_list":["post-27864","page","type-page","status-publish"],"_links":{"self":[{"href":"https:\/\/www.stockpadel.com\/blog\/pt-pt\/wp-json\/wp\/v2\/pages\/27864"}],"collection":[{"href":"https:\/\/www.stockpadel.com\/blog\/pt-pt\/wp-json\/wp\/v2\/pages"}],"about":[{"href":"https:\/\/www.stockpadel.com\/blog\/pt-pt\/wp-json\/wp\/v2\/types\/page"}],"author":[{"embeddable":true,"href":"https:\/\/www.stockpadel.com\/blog\/pt-pt\/wp-json\/wp\/v2\/users\/1"}],"replies":[{"embeddable":true,"href":"https:\/\/www.stockpadel.com\/blog\/pt-pt\/wp-json\/wp\/v2\/comments?post=27864"}],"version-history":[{"count":0,"href":"https:\/\/www.stockpadel.com\/blog\/pt-pt\/wp-json\/wp\/v2\/pages\/27864\/revisions"}],"wp:attachment":[{"href":"https:\/\/www.stockpadel.com\/blog\/pt-pt\/wp-json\/wp\/v2\/media?parent=27864"}],"curies":[{"name":"wp","href":"https:\/\/api.w.org\/{rel}","templated":true}]}}