{"id":16999,"date":"2014-03-14T18:07:27","date_gmt":"2014-03-14T17:07:27","guid":{"rendered":"https:\/\/www.stockpadel.com\/blog\/chi-siamo\/"},"modified":"2023-05-10T10:20:23","modified_gmt":"2023-05-10T08:20:23","slug":"chi-siamo","status":"publish","type":"page","link":"https:\/\/www.stockpadel.com\/blog\/it\/chi-siamo\/","title":{"rendered":"Chi siamo"},"content":{"rendered":"\n<p><a href=\"https:\/\/www.stockpadel.com\/it\" target=\"_blank\" rel=\"noreferrer noopener\">Stock Padel<\/a> \u00e8 un negozio di padel online e fisico della citt\u00e0 di Cordoba. \u00c8 stato creato con un unico obiettivo: fornire il miglior servizio di consulenza sulle attrezzature da paddle tennis. Lavoriamo per offrire racchette da paddle, borse da paddle, zaini, scarpe da paddle e palline della migliore qualit\u00e0 esistente, le ultime novit\u00e0 e prodotti esclusivi al miglior prezzo.<\/p>\n\n\n\n<p>\u00c8 composto da un team di persone che riuniscono caratteristiche importanti: Giovent\u00f9, Formazione, Esperienza, Conoscenza del settore e Seriet\u00e0, con oltre 25 anni di lavoro per questo sport.<\/p>\n\n\n\n<p>Stock Padel \u00e8 un&#8217;azienda con diversi canali commerciali:<\/p>\n\n\n\n<ul class=\"wp-block-list\">\n<li>Vendita di attrezzature per il padel di diverse marche<\/li>\n\n\n\n<li>Distribuzione per l&#8217;Europa del marchio: DABBER<\/li>\n\n\n\n<li>Distribuzione per la Spagna del marchio: HOPPO<\/li>\n\n\n\n<li>Fornitura di servizi ed eventi sportivi<\/li>\n<\/ul>\n\n\n\n<p>Il nostro obiettivo: <strong>conquistare la fiducia del cliente attraverso una consulenza esperta<\/strong>.<\/p>\n\n\n\n<div class=\"wp-block-columns is-layout-flex wp-container-core-columns-is-layout-1 wp-block-columns-is-layout-flex\">\n<div class=\"wp-block-column is-layout-flow wp-block-column-is-layout-flow\">\n<h3 class=\"wp-block-heading\"><span class=\"ez-toc-section\" id=\"Enrique_Vicente_Gonzalez\"><\/span>Enrique Vicente Gonz\u00e1lez<span class=\"ez-toc-section-end\"><\/span><\/h3>\n\n\n\n<p style=\"font-size:15px\">Sono nato nel novembre del 1992 e all&#8217;et\u00e0 di 4 o 5 anni ho preso la mia prima racchetta da tennis al Real Aeroclub de C\u00f3rdoba, che ho scambiato all&#8217;et\u00e0 di 9 anni con una racchetta da padel e un campo a muro di quelli che oggi scarseggiano.<\/p>\n\n\n<div class=\"wp-block-image\">\n<figure class=\"alignleft size-full is-resized\"><a href=\"https:\/\/www.stockpadel.com\/blog\/wp-content\/uploads\/2022\/12\/enrique.jpg\"><img loading=\"lazy\" decoding=\"async\" src=\"https:\/\/www.stockpadel.com\/blog\/wp-content\/uploads\/2022\/12\/enrique.jpg\" alt=\"enrique\" class=\"wp-image-14347\" width=\"350\" height=\"350\" srcset=\"https:\/\/www.stockpadel.com\/blog\/wp-content\/uploads\/2022\/12\/enrique.jpg 311w, https:\/\/www.stockpadel.com\/blog\/wp-content\/uploads\/2022\/12\/enrique-300x300.jpg 300w, https:\/\/www.stockpadel.com\/blog\/wp-content\/uploads\/2022\/12\/enrique-150x150.jpg 150w\" sizes=\"(max-width: 350px) 100vw, 350px\" \/><\/a><\/figure><\/div>\n\n\n<p style=\"font-size:15px\">Da allora sono stato legato in un modo o nell&#8217;altro a questo sport, finch\u00e9 nel 2018 abbiamo deciso di aprire Stock Padel. Attualmente gestisco il negozio fisico e online, dove, data la mancanza di informazioni che esiste in questo mercato, riceviamo quotidianamente domande che non trovano risposta corretta su internet.<\/p>\n\n\n\n<p style=\"font-size:15px\">Detto questo, spero solo di potervi trasmettere le conoscenze che ho acquisito dopo 20 anni in pista, confrontando i prodotti che riceviamo in negozio e conoscendo a fondo la materia prima e la sua origine.<\/p>\n\n\n\n<p><strong>Se un prodotto non \u00e8 adatto a voi, non lo consiglier\u00f2 mai.<\/strong><\/p>\n\n\n\n<p style=\"margin-bottom: 0.5em\"><a class=\"rrss-icons\" href=\"https:\/\/www.instagram.com\/stockpadel\/\" target=\"_blank\" rel=\"noopener\"><img decoding=\"async\" loading=\"lazy\" src=\"\/blog\/wp-content\/uploads\/2022\/12\/ing.png\" alt=\"Instagram\" title=\"Instagram\" width=\"30\"\/><\/a>  <a class=\"rrss-icons\" href=\"https:\/\/www.facebook.com\/Stock-Padel-1594540293913143\/\" target=\"_blank\" rel=\"noopener\"><img decoding=\"async\" loading=\"lazy\" src=\"\/blog\/wp-content\/uploads\/2022\/12\/fb.png\" alt=\"Facebook\" title=\"Facebook\" width=\"30\"\/><\/a>  <a class=\"rrss-icons\" href=\"https:\/\/twitter.com\/stockpadel\" target=\"_blank\" rel=\"noopener\"><img decoding=\"async\" loading=\"lazy\" src=\"\/blog\/wp-content\/uploads\/2022\/12\/tw.png\" alt=\"Twitter\" title=\"Twitter\" width=\"30\"\/><\/a><\/p>\n<\/div>\n<\/div>\n\n\n\n<h2 class=\"wp-block-heading\"><span class=\"ez-toc-section\" id=\"Opinioni\"><\/span>Opinioni<span class=\"ez-toc-section-end\"><\/span><\/h2>\n\n\n<div class=\"glsr glsr-default\" id=\"glsr_83df0791\" data-from='block' data-shortcode='site_reviews' data-assigned_posts='16999'><div class=\"glsr-reviews-wrap\">\n    <div class=\"glsr-reviews\">\n        <p class=\"glsr-no-margins\">There are no reviews yet. Be the first one to write one.<\/p>\n    <\/div>\n    \n<\/div><\/div>","protected":false},"excerpt":{"rendered":"<p>Stock Padel \u00e8 un negozio di padel online e fisico della citt\u00e0 di Cordoba. \u00c8 stato creato con un unico obiettivo: fornire il miglior servizio di consulenza sulle attrezzature da paddle tennis. Lavoriamo per offrire racchette da paddle, borse da paddle, zaini, scarpe da paddle e palline della migliore qualit\u00e0 esistente, le ultime novit\u00e0 e &#8230; <a title=\"Chi siamo\" class=\"read-more\" href=\"https:\/\/www.stockpadel.com\/blog\/it\/chi-siamo\/\" aria-label=\"Per saperne di pi\u00f9 su Chi siamo\">Leggi tutto<\/a><\/p>\n","protected":false},"author":1,"featured_media":0,"parent":0,"menu_order":0,"comment_status":"closed","ping_status":"closed","template":"","meta":{"_glsr_average":0,"_glsr_ranking":0,"_glsr_reviews":0,"footnotes":""},"class_list":["post-16999","page","type-page","status-publish"],"_links":{"self":[{"href":"https:\/\/www.stockpadel.com\/blog\/it\/wp-json\/wp\/v2\/pages\/16999"}],"collection":[{"href":"https:\/\/www.stockpadel.com\/blog\/it\/wp-json\/wp\/v2\/pages"}],"about":[{"href":"https:\/\/www.stockpadel.com\/blog\/it\/wp-json\/wp\/v2\/types\/page"}],"author":[{"embeddable":true,"href":"https:\/\/www.stockpadel.com\/blog\/it\/wp-json\/wp\/v2\/users\/1"}],"replies":[{"embeddable":true,"href":"https:\/\/www.stockpadel.com\/blog\/it\/wp-json\/wp\/v2\/comments?post=16999"}],"version-history":[{"count":0,"href":"https:\/\/www.stockpadel.com\/blog\/it\/wp-json\/wp\/v2\/pages\/16999\/revisions"}],"wp:attachment":[{"href":"https:\/\/www.stockpadel.com\/blog\/it\/wp-json\/wp\/v2\/media?parent=16999"}],"curies":[{"name":"wp","href":"https:\/\/api.w.org\/{rel}","templated":true}]}}