{"id":27862,"date":"2014-03-14T18:07:27","date_gmt":"2014-03-14T17:07:27","guid":{"rendered":"https:\/\/www.stockpadel.com\/blog\/quienes-somos\/"},"modified":"2023-05-10T10:17:06","modified_gmt":"2023-05-10T08:17:06","slug":"qui-nous-sommes","status":"publish","type":"page","link":"https:\/\/www.stockpadel.com\/blog\/fr\/qui-nous-sommes\/","title":{"rendered":"Qui nous sommes"},"content":{"rendered":"\n<p><a href=\"https:\/\/www.stockpadel.com\/fr\" target=\"_blank\" rel=\"noreferrer noopener\">Stock Padel<\/a>\u00a0est un magasin de padel en ligne et physique dans la ville de Cordoba. Elle est n\u00e9e avec un seul objectif, donner le meilleur service de conseil sur le mat\u00e9riel pour la pratique du padel. Nous travaillons pour offrir des pales de padel, des sacs de padel, des sacs \u00e0 dos, des chaussures de padel et des balles de la plus haute qualit\u00e9 qui existe, les derniers d\u00e9veloppements et des produits exclusifs au meilleur prix.<\/p>\n\n\n\n<p>Elle est compos\u00e9e d&rsquo;une \u00e9quipe de personnes qui r\u00e9unissent des caract\u00e9ristiques importantes : Jeunesse, Formation, Exp\u00e9rience, Connaissance du secteur et S\u00e9rieux, avec plus de 25 ans de travail pour ce sport.<\/p>\n\n\n\n<p>Stock Padel est une entreprise qui dispose de plusieurs canaux commerciaux :<\/p>\n\n\n\n<ul class=\"wp-block-list\">\n<li>Vente de mat\u00e9riel de padel de diff\u00e9rentes marques<\/li>\n\n\n\n<li>Distribution pour l&rsquo;Europe de la marque : DABBER<\/li>\n\n\n\n<li>Distribution pour l&rsquo;Espagne de la marque : HOPPO<\/li>\n\n\n\n<li>Prestation de services et \u00e9v\u00e9nements sportifs<\/li>\n<\/ul>\n\n\n\n<p>Notre objectif : <strong>gagner la confiance du client gr\u00e2ce \u00e0 des conseils sp\u00e9cialis\u00e9s.<\/strong><\/p>\n\n\n\n<div class=\"wp-block-columns is-layout-flex wp-container-core-columns-is-layout-1 wp-block-columns-is-layout-flex\">\n<div class=\"wp-block-column is-layout-flow wp-block-column-is-layout-flow\">\n<h3 class=\"wp-block-heading\"><span class=\"ez-toc-section\" id=\"Enrique_Vicente_Gonzalez\"><\/span>Enrique Vicente Gonz\u00e1lez<span class=\"ez-toc-section-end\"><\/span><\/h3>\n\n\n\n<p style=\"font-size:15px\">Je suis n\u00e9 en novembre 1992 et, \u00e0 l&rsquo;\u00e2ge de 4 ou 5 ans, j&rsquo;ai achet\u00e9 ma premi\u00e8re raquette de tennis au Real Aeroclub de C\u00f3rdoba, que j&rsquo;ai \u00e9chang\u00e9e \u00e0 l&rsquo;\u00e2ge de 9 ans contre une raquette de padel et un terrain mural comme il en existe peu aujourd&rsquo;hui.<\/p>\n\n\n<div class=\"wp-block-image\">\n<figure class=\"alignleft size-full is-resized\"><a href=\"https:\/\/www.stockpadel.com\/blog\/wp-content\/uploads\/2022\/12\/enrique.jpg\"><img loading=\"lazy\" decoding=\"async\" src=\"https:\/\/www.stockpadel.com\/blog\/wp-content\/uploads\/2022\/12\/enrique.jpg\" alt=\"enrique\" class=\"wp-image-14347\" width=\"350\" height=\"350\" srcset=\"https:\/\/www.stockpadel.com\/blog\/wp-content\/uploads\/2022\/12\/enrique.jpg 311w, https:\/\/www.stockpadel.com\/blog\/wp-content\/uploads\/2022\/12\/enrique-300x300.jpg 300w, https:\/\/www.stockpadel.com\/blog\/wp-content\/uploads\/2022\/12\/enrique-150x150.jpg 150w\" sizes=\"(max-width: 350px) 100vw, 350px\" \/><\/a><\/figure><\/div>\n\n\n<p style=\"font-size:15px\">Depuis lors, j&rsquo;ai \u00e9t\u00e9 li\u00e9 d&rsquo;une mani\u00e8re ou d&rsquo;une autre \u00e0 ce sport, jusqu&rsquo;\u00e0 ce qu&rsquo;en 2018 nous d\u00e9cidions d&rsquo;ouvrir Stock Padel. Actuellement, je g\u00e8re la boutique physique et en ligne, o\u00f9, compte tenu de la d\u00e9sinformation qui existe sur ce march\u00e9, nous recevons quotidiennement des doutes qui ne finissent pas par trouver une r\u00e9ponse correcte sur Internet.<\/p>\n\n\n\n<p style=\"font-size:15px\">Cela dit, j&rsquo;esp\u00e8re seulement pouvoir vous transmettre les connaissances que j&rsquo;ai acquises apr\u00e8s 20 ans sur le terrain, en comparant les produits que nous recevons dans le magasin et en connaissant en profondeur la mati\u00e8re premi\u00e8re et son origine.<\/p>\n\n\n\n<p><strong>Si un produit ne vous convient pas, je ne le recommanderai jamais.<\/strong><\/p>\n\n\n\n<p style=\"margin-bottom: 0.5em\"><a class=\"rrss-icons\" href=\"https:\/\/www.instagram.com\/stockpadel\/\" target=\"_blank\" rel=\"noopener\"><img decoding=\"async\" loading=\"lazy\" src=\"\/blog\/wp-content\/uploads\/2022\/12\/ing.png\" alt=\"Instagram\" title=\"Instagram\" width=\"30\"><\/a>  <a class=\"rrss-icons\" href=\"https:\/\/www.facebook.com\/Stock-Padel-1594540293913143\/\" target=\"_blank\" rel=\"noopener\"><img decoding=\"async\" loading=\"lazy\" src=\"\/blog\/wp-content\/uploads\/2022\/12\/fb.png\" alt=\"Facebook\" title=\"Facebook\" width=\"30\"><\/a>  <a class=\"rrss-icons\" href=\"https:\/\/twitter.com\/stockpadel\" target=\"_blank\" rel=\"noopener\"><img decoding=\"async\" loading=\"lazy\" src=\"\/blog\/wp-content\/uploads\/2022\/12\/tw.png\" alt=\"Twitter\" title=\"Twitter\" width=\"30\"><\/a><\/p>\n<\/div>\n<\/div>\n\n\n\n<h2 class=\"wp-block-heading\"><span class=\"ez-toc-section\" id=\"Avis\"><\/span>Avis<span class=\"ez-toc-section-end\"><\/span><\/h2>\n\n\n<div class=\"glsr glsr-default\" id=\"glsr_83df0791\" data-from='block' data-shortcode='site_reviews' data-assigned_posts='27862'><div class=\"glsr-reviews-wrap\">\n    <div class=\"glsr-reviews\">\n        <p class=\"glsr-no-margins\">Aucun avis n\u2019a \u00e9t\u00e9 donn\u00e9 pour le moment. Soyez le premier \u00e0 en \u00e9crire un.<\/p>\n    <\/div>\n    \n<\/div><\/div>","protected":false},"excerpt":{"rendered":"<p>Stock Padel\u00a0est un magasin de padel en ligne et physique dans la ville de Cordoba. Elle est n\u00e9e avec un seul objectif, donner le meilleur service de conseil sur le mat\u00e9riel pour la pratique du padel. Nous travaillons pour offrir des pales de padel, des sacs de padel, des sacs \u00e0 dos, des chaussures de &#8230; <a title=\"Qui nous sommes\" class=\"read-more\" href=\"https:\/\/www.stockpadel.com\/blog\/fr\/qui-nous-sommes\/\" aria-label=\"Read more about Qui nous sommes\">Lire la suite<\/a><\/p>\n","protected":false},"author":1,"featured_media":0,"parent":0,"menu_order":0,"comment_status":"closed","ping_status":"closed","template":"","meta":{"_glsr_average":0,"_glsr_ranking":0,"_glsr_reviews":0,"footnotes":""},"class_list":["post-27862","page","type-page","status-publish"],"_links":{"self":[{"href":"https:\/\/www.stockpadel.com\/blog\/fr\/wp-json\/wp\/v2\/pages\/27862"}],"collection":[{"href":"https:\/\/www.stockpadel.com\/blog\/fr\/wp-json\/wp\/v2\/pages"}],"about":[{"href":"https:\/\/www.stockpadel.com\/blog\/fr\/wp-json\/wp\/v2\/types\/page"}],"author":[{"embeddable":true,"href":"https:\/\/www.stockpadel.com\/blog\/fr\/wp-json\/wp\/v2\/users\/1"}],"replies":[{"embeddable":true,"href":"https:\/\/www.stockpadel.com\/blog\/fr\/wp-json\/wp\/v2\/comments?post=27862"}],"version-history":[{"count":0,"href":"https:\/\/www.stockpadel.com\/blog\/fr\/wp-json\/wp\/v2\/pages\/27862\/revisions"}],"wp:attachment":[{"href":"https:\/\/www.stockpadel.com\/blog\/fr\/wp-json\/wp\/v2\/media?parent=27862"}],"curies":[{"name":"wp","href":"https:\/\/api.w.org\/{rel}","templated":true}]}}